{"id":23417884,"date":"2025-06-04T15:45:42","date_gmt":"2025-06-04T15:45:42","guid":{"rendered":"https:\/\/mediprema.com\/produit\/medirunner-the-internal-transfer-cart\/"},"modified":"2025-06-04T15:45:42","modified_gmt":"2025-06-04T15:45:42","slug":"medirunner-the-internal-transfer-cart","status":"publish","type":"product","link":"https:\/\/www.mediprema.com\/en\/product\/medirunner-the-internal-transfer-cart\/","title":{"rendered":"Medirunner, the internal transfer cart"},"content":{"rendered":"<h2>Sleek design adapted to the hospital environment<\/h2>\n<p>Compact, space-saving<\/p>\n<p>Easy cleaning and disinfection<\/p>\n<p>The Medirunner trolley, compatible with the Nite transport incubator, is intended for internal transfers.<\/p>\n<h3>Fast and secure transfer<\/h3>\n<p>The manoeuvrability of the trolley has been particularly designed to facilitate the transfer and ensure safe transport of the newborn.<\/p>\n<p>The trolley design with a full-width handle and multi-directional castors provides a good grip and allows for more flexibility in manoeuvring.<\/p>\n<p>The incubator is fixed by 2 studs that keep it stable during transfers. All additional equipment is positioned to ensure optimal monitoring: the nursing staff maintains permanent visibility on the newborn and access to the functionalities of the on-board medical devices. <\/p>\n<h3>Equipment flexibility<\/h3>\n<p>The Medirunner trolley comes with optimised storage: 2 large compartments that can be replaced by 2 drawers, 1 holder for 2 bottles and a passage duct for hoses and hoses. A block of 8 protected IEC sockets is integrated to power the medical devices during transfer. <\/p>\n<p>The basic configuration of the cart can be customized by adding additional devices necessary for the medical transport of the newborn.<\/p>\n<h3>Sleek design adapted to the hospital environment<\/h3>\n<p>The M\u00e9dipr\u00e9ma R&amp;D team has designed the M\u00e9dirunner trolley to best adapt to the hospital environment:<\/p>\n<ul>\n<li>Thanks to its compact size, the trolley takes up little space in the corridors.<\/li>\n<li>The materials have been carefully selected to meet hospital expectations in terms of cleaning and disinfection.<\/li>\n<li>Because it mainly works in neonatology departments, decorative playful characters have been added to integrate into the children&#8217;s world of young patients.<\/li>\n<\/ul>\n","protected":false},"excerpt":{"rendered":"<h2>Internal Transfer Cart<\/h2>\n<ul>\n<li>For intra-hospital transport of the most fragile newborns<\/li>\n<\/ul>\n<h2>Fast and secure transfer<\/h2>\n<ul>\n<li>Great manoeuvrability<\/li>\n<li>Secure attachment of a Nite incubator<\/li>\n<li>Optimal warming and monitoring during the transfer<\/li>\n<\/ul>\n<h2>Equipment flexibility<\/h2>\n<ul>\n<li>Optimized storage for essential equipment during transfer<\/li>\n<li>Possible attachment of additional medical devices<\/li>\n<\/ul>\n","protected":false},"featured_media":1233,"comment_status":"open","ping_status":"closed","template":"","meta":{"_acf_changed":false,"_et_pb_use_builder":"","_et_pb_old_content":"","_et_gb_content_width":"","inline_featured_image":false},"product_brand":[],"product_cat":[104],"product_tag":[],"class_list":{"0":"post-23417884","1":"product","2":"type-product","3":"status-publish","4":"has-post-thumbnail","6":"product_cat-neonatology","7":"pa_gamme-neonatal-and-paediatric-transport","9":"first","10":"instock","11":"shipping-taxable","12":"product-type-simple"},"acf":[],"yoast_head":"<!-- This site is optimized with the Yoast SEO plugin v27.6 - https:\/\/yoast.com\/product\/yoast-seo-wordpress\/ -->\n<title>Medirunner, the internal transfer cart - Mediprema<\/title>\n<meta name=\"robots\" content=\"index, follow, max-snippet:-1, max-image-preview:large, max-video-preview:-1\" \/>\n<link rel=\"canonical\" href=\"https:\/\/www.mediprema.com\/produit\/medirunner-le-chariot-de-transfert-interne\/\" \/>\n<meta property=\"og:locale\" content=\"en_US\" \/>\n<meta property=\"og:type\" content=\"article\" \/>\n<meta property=\"og:title\" content=\"Medirunner, the internal transfer cart - Mediprema\" \/>\n<meta property=\"og:description\" content=\"Internal Transfer Cart  For intra-hospital transport of the most fragile newborns Fast and secure transfer  Great manoeuvrability  Secure attachment of a Nite incubator  Optimal warming and monitoring during the transfer Equipment flexibility  Optimized storage for essential equipment during transfer  Possible attachment of additional medical devices\" \/>\n<meta property=\"og:url\" content=\"https:\/\/www.mediprema.com\/produit\/medirunner-le-chariot-de-transfert-interne\/\" \/>\n<meta property=\"og:site_name\" content=\"Mediprema\" \/>\n<meta property=\"og:image\" content=\"https:\/\/www.mediprema.com\/wp-content\/uploads\/2025\/06\/medirunner-mediprema-chariot-transfert-interne-1.jpg\" \/>\n\t<meta property=\"og:image:width\" content=\"922\" \/>\n\t<meta property=\"og:image:height\" content=\"922\" \/>\n\t<meta property=\"og:image:type\" content=\"image\/jpeg\" \/>\n<meta name=\"twitter:card\" content=\"summary_large_image\" \/>\n<meta name=\"twitter:label1\" content=\"Est. reading time\" \/>\n\t<meta name=\"twitter:data1\" content=\"1 minute\" \/>\n<script type=\"application\/ld+json\" class=\"yoast-schema-graph\">{\"@context\":\"https:\\\/\\\/schema.org\",\"@graph\":[{\"@type\":\"WebPage\",\"@id\":\"https:\\\/\\\/www.mediprema.com\\\/produit\\\/medirunner-le-chariot-de-transfert-interne\\\/\",\"url\":\"https:\\\/\\\/www.mediprema.com\\\/produit\\\/medirunner-le-chariot-de-transfert-interne\\\/\",\"name\":\"Medirunner, the internal transfer cart - Mediprema\",\"isPartOf\":{\"@id\":\"https:\\\/\\\/www.mediprema.com\\\/#website\"},\"primaryImageOfPage\":{\"@id\":\"https:\\\/\\\/www.mediprema.com\\\/produit\\\/medirunner-le-chariot-de-transfert-interne\\\/#primaryimage\"},\"image\":{\"@id\":\"https:\\\/\\\/www.mediprema.com\\\/produit\\\/medirunner-le-chariot-de-transfert-interne\\\/#primaryimage\"},\"thumbnailUrl\":\"https:\\\/\\\/www.mediprema.com\\\/wp-content\\\/uploads\\\/2025\\\/06\\\/medirunner-mediprema-chariot-transfert-interne-1.jpg\",\"datePublished\":\"2025-06-04T15:45:42+00:00\",\"breadcrumb\":{\"@id\":\"https:\\\/\\\/www.mediprema.com\\\/produit\\\/medirunner-le-chariot-de-transfert-interne\\\/#breadcrumb\"},\"inLanguage\":\"en-US\",\"potentialAction\":[{\"@type\":\"ReadAction\",\"target\":[\"https:\\\/\\\/www.mediprema.com\\\/produit\\\/medirunner-le-chariot-de-transfert-interne\\\/\"]}]},{\"@type\":\"ImageObject\",\"inLanguage\":\"en-US\",\"@id\":\"https:\\\/\\\/www.mediprema.com\\\/produit\\\/medirunner-le-chariot-de-transfert-interne\\\/#primaryimage\",\"url\":\"https:\\\/\\\/www.mediprema.com\\\/wp-content\\\/uploads\\\/2025\\\/06\\\/medirunner-mediprema-chariot-transfert-interne-1.jpg\",\"contentUrl\":\"https:\\\/\\\/www.mediprema.com\\\/wp-content\\\/uploads\\\/2025\\\/06\\\/medirunner-mediprema-chariot-transfert-interne-1.jpg\",\"width\":922,\"height\":922},{\"@type\":\"BreadcrumbList\",\"@id\":\"https:\\\/\\\/www.mediprema.com\\\/produit\\\/medirunner-le-chariot-de-transfert-interne\\\/#breadcrumb\",\"itemListElement\":[{\"@type\":\"ListItem\",\"position\":1,\"name\":\"Accueil\",\"item\":\"https:\\\/\\\/www.mediprema.com\\\/en\\\/\"},{\"@type\":\"ListItem\",\"position\":2,\"name\":\"Shop\",\"item\":\"https:\\\/\\\/www.mediprema.com\\\/en\\\/shop\\\/\"},{\"@type\":\"ListItem\",\"position\":3,\"name\":\"Medirunner, the internal transfer cart\"}]},{\"@type\":\"WebSite\",\"@id\":\"https:\\\/\\\/www.mediprema.com\\\/#website\",\"url\":\"https:\\\/\\\/www.mediprema.com\\\/\",\"name\":\"Mediprema\",\"description\":\"\",\"potentialAction\":[{\"@type\":\"SearchAction\",\"target\":{\"@type\":\"EntryPoint\",\"urlTemplate\":\"https:\\\/\\\/www.mediprema.com\\\/?s={search_term_string}\"},\"query-input\":{\"@type\":\"PropertyValueSpecification\",\"valueRequired\":true,\"valueName\":\"search_term_string\"}}],\"inLanguage\":\"en-US\"}]}<\/script>\n<!-- \/ Yoast SEO plugin. -->","yoast_head_json":{"title":"Medirunner, the internal transfer cart - Mediprema","robots":{"index":"index","follow":"follow","max-snippet":"max-snippet:-1","max-image-preview":"max-image-preview:large","max-video-preview":"max-video-preview:-1"},"canonical":"https:\/\/www.mediprema.com\/produit\/medirunner-le-chariot-de-transfert-interne\/","og_locale":"en_US","og_type":"article","og_title":"Medirunner, the internal transfer cart - Mediprema","og_description":"Internal Transfer Cart  For intra-hospital transport of the most fragile newborns Fast and secure transfer  Great manoeuvrability  Secure attachment of a Nite incubator  Optimal warming and monitoring during the transfer Equipment flexibility  Optimized storage for essential equipment during transfer  Possible attachment of additional medical devices","og_url":"https:\/\/www.mediprema.com\/produit\/medirunner-le-chariot-de-transfert-interne\/","og_site_name":"Mediprema","og_image":[{"width":922,"height":922,"url":"https:\/\/www.mediprema.com\/wp-content\/uploads\/2025\/06\/medirunner-mediprema-chariot-transfert-interne-1.jpg","type":"image\/jpeg"}],"twitter_card":"summary_large_image","twitter_misc":{"Est. reading time":"1 minute"},"schema":{"@context":"https:\/\/schema.org","@graph":[{"@type":"WebPage","@id":"https:\/\/www.mediprema.com\/produit\/medirunner-le-chariot-de-transfert-interne\/","url":"https:\/\/www.mediprema.com\/produit\/medirunner-le-chariot-de-transfert-interne\/","name":"Medirunner, the internal transfer cart - Mediprema","isPartOf":{"@id":"https:\/\/www.mediprema.com\/#website"},"primaryImageOfPage":{"@id":"https:\/\/www.mediprema.com\/produit\/medirunner-le-chariot-de-transfert-interne\/#primaryimage"},"image":{"@id":"https:\/\/www.mediprema.com\/produit\/medirunner-le-chariot-de-transfert-interne\/#primaryimage"},"thumbnailUrl":"https:\/\/www.mediprema.com\/wp-content\/uploads\/2025\/06\/medirunner-mediprema-chariot-transfert-interne-1.jpg","datePublished":"2025-06-04T15:45:42+00:00","breadcrumb":{"@id":"https:\/\/www.mediprema.com\/produit\/medirunner-le-chariot-de-transfert-interne\/#breadcrumb"},"inLanguage":"en-US","potentialAction":[{"@type":"ReadAction","target":["https:\/\/www.mediprema.com\/produit\/medirunner-le-chariot-de-transfert-interne\/"]}]},{"@type":"ImageObject","inLanguage":"en-US","@id":"https:\/\/www.mediprema.com\/produit\/medirunner-le-chariot-de-transfert-interne\/#primaryimage","url":"https:\/\/www.mediprema.com\/wp-content\/uploads\/2025\/06\/medirunner-mediprema-chariot-transfert-interne-1.jpg","contentUrl":"https:\/\/www.mediprema.com\/wp-content\/uploads\/2025\/06\/medirunner-mediprema-chariot-transfert-interne-1.jpg","width":922,"height":922},{"@type":"BreadcrumbList","@id":"https:\/\/www.mediprema.com\/produit\/medirunner-le-chariot-de-transfert-interne\/#breadcrumb","itemListElement":[{"@type":"ListItem","position":1,"name":"Accueil","item":"https:\/\/www.mediprema.com\/en\/"},{"@type":"ListItem","position":2,"name":"Shop","item":"https:\/\/www.mediprema.com\/en\/shop\/"},{"@type":"ListItem","position":3,"name":"Medirunner, the internal transfer cart"}]},{"@type":"WebSite","@id":"https:\/\/www.mediprema.com\/#website","url":"https:\/\/www.mediprema.com\/","name":"Mediprema","description":"","potentialAction":[{"@type":"SearchAction","target":{"@type":"EntryPoint","urlTemplate":"https:\/\/www.mediprema.com\/?s={search_term_string}"},"query-input":{"@type":"PropertyValueSpecification","valueRequired":true,"valueName":"search_term_string"}}],"inLanguage":"en-US"}]}},"_links":{"self":[{"href":"https:\/\/www.mediprema.com\/en\/wp-json\/wp\/v2\/product\/23417884","targetHints":{"allow":["GET"]}}],"collection":[{"href":"https:\/\/www.mediprema.com\/en\/wp-json\/wp\/v2\/product"}],"about":[{"href":"https:\/\/www.mediprema.com\/en\/wp-json\/wp\/v2\/types\/product"}],"replies":[{"embeddable":true,"href":"https:\/\/www.mediprema.com\/en\/wp-json\/wp\/v2\/comments?post=23417884"}],"wp:featuredmedia":[{"embeddable":true,"href":"https:\/\/www.mediprema.com\/en\/wp-json\/wp\/v2\/media\/1233"}],"wp:attachment":[{"href":"https:\/\/www.mediprema.com\/en\/wp-json\/wp\/v2\/media?parent=23417884"}],"wp:term":[{"taxonomy":"product_brand","embeddable":true,"href":"https:\/\/www.mediprema.com\/en\/wp-json\/wp\/v2\/product_brand?post=23417884"},{"taxonomy":"product_cat","embeddable":true,"href":"https:\/\/www.mediprema.com\/en\/wp-json\/wp\/v2\/product_cat?post=23417884"},{"taxonomy":"product_tag","embeddable":true,"href":"https:\/\/www.mediprema.com\/en\/wp-json\/wp\/v2\/product_tag?post=23417884"}],"curies":[{"name":"wp","href":"https:\/\/api.w.org\/{rel}","templated":true}]}}