{"id":23417871,"date":"2025-06-04T14:58:06","date_gmt":"2025-06-04T14:58:06","guid":{"rendered":"https:\/\/mediprema.com\/produit\/heliprema-air-transport-module\/"},"modified":"2025-06-04T14:58:06","modified_gmt":"2025-06-04T14:58:06","slug":"heliprema-air-transport-module","status":"publish","type":"product","link":"https:\/\/www.mediprema.com\/en\/product\/heliprema-air-transport-module\/","title":{"rendered":"H\u00e9lipr\u00e9ma air transport module"},"content":{"rendered":"<p>M\u00e9dipr\u00e9ma offers the possibility of creating a tailor-made structure for the helicopter transport of newborns:<\/p>\n<ul>\n<li>Constraints depending on the type of transport: weight, volumes, on-board peripheral equipment, power supply and gas range<br \/>\n, etc.<\/li>\n<li>Work habits: Organization around the baby, on-board equipment, backpack, weights, work ergonomics, etc.<\/li>\n<li>Budget available for the project<\/li>\n<\/ul>\n<h3>An approved methodology:<\/h3>\n<p>The design of a neonatal transport structure follows a precise process. All solutions are modeled in 3D to create a manufacturing plan based on the requested specifications. <\/p>\n<h3>Tested solutions:<\/h3>\n<p>M\u00e9dipr\u00e9ma has several test rooms to validate its solutions. The company also works with a network of external laboratories, the Nite transport incubator has been subjected to a crash test in a Cofrac laboratory to obtain a 10G EN1789 certification. <\/p>\n<h3>Certified solutions:<\/h3>\n<p>M\u00e9dipr\u00e9ma meets the requirements of the ISO 13485 quality system. This system is regularly audited. The company also has an ISO 14001 certification, the company wanted to actively engage in the continuous improvement of its environmental performance. All our structures are validated by a CE marking. We offer our consumers complete structures validated by the 10G EN1789 and 20G DO160 resistance calculations on transport structures.    <\/p>\n<h3>Designed and manufactured in France:<\/h3>\n<p>The Nite transport incubator and all the medipr\u00e9ma structures are designed and manufactured in the m\u00e9dipr\u00e9ma factory based in the<br \/>\nLoire Valley. This allows m\u00e9dipr\u00e9ma to guarantee the quality and reliability of its devices by controlling the entire production chain<br \/>\n. <\/p>\n","protected":false},"excerpt":{"rendered":"<h2>Flexibility<\/h2>\n<ul>\n<li>Neonatal transport solution tailor-made to meet your requirements, needs and budget<\/li>\n<\/ul>\n<h2>Reliability and security<\/h2>\n<ul>\n<li>Each medical device is securely attached to the assembly while being easily dismantled according to the requirements of emergency transport. The structures designed by m\u00e9dipr\u00e9ma comply with European regulatory requirements related to the marketing of medical devices. <\/li>\n<li>After sometimes more than 15 years of intensive use in the difficult conditions of emergency transport, the medipr\u00e9ma structures are still in use.<\/li>\n<\/ul>\n<h2 class=\"active\">Compact, lightweight and robust design<\/h2>\n","protected":false},"featured_media":1219,"comment_status":"open","ping_status":"closed","template":"","meta":{"_acf_changed":false,"_et_pb_use_builder":"","_et_pb_old_content":"","_et_gb_content_width":"","inline_featured_image":false},"product_brand":[],"product_cat":[104],"product_tag":[],"class_list":{"0":"post-23417871","1":"product","2":"type-product","3":"status-publish","4":"has-post-thumbnail","6":"product_cat-neonatology","7":"pa_gamme-neonatal-and-paediatric-transport","9":"first","10":"instock","11":"shipping-taxable","12":"product-type-simple"},"acf":[],"yoast_head":"<!-- This site is optimized with the Yoast SEO plugin v27.4 - https:\/\/yoast.com\/product\/yoast-seo-wordpress\/ -->\n<title>H\u00e9lipr\u00e9ma air transport module - Mediprema<\/title>\n<meta name=\"robots\" content=\"index, follow, max-snippet:-1, max-image-preview:large, max-video-preview:-1\" \/>\n<link rel=\"canonical\" href=\"https:\/\/www.mediprema.com\/produit\/module-de-transport-aerien-heliprema\/\" \/>\n<meta property=\"og:locale\" content=\"en_US\" \/>\n<meta property=\"og:type\" content=\"article\" \/>\n<meta property=\"og:title\" content=\"H\u00e9lipr\u00e9ma air transport module - Mediprema\" \/>\n<meta property=\"og:description\" content=\"Flexibility  Neonatal transport solution tailor-made to meet your requirements, needs and budget Reliability and security  Each medical device is securely attached to the assembly while being easily dismantled according to the requirements of emergency transport. The structures designed by m\u00e9dipr\u00e9ma comply with European regulatory requirements related to the marketing of medical devices.  After sometimes more than 15 years of intensive use in the difficult conditions of emergency transport, the medipr\u00e9ma structures are still in use. Compact, lightweight and robust design\" \/>\n<meta property=\"og:url\" content=\"https:\/\/www.mediprema.com\/produit\/module-de-transport-aerien-heliprema\/\" \/>\n<meta property=\"og:site_name\" content=\"Mediprema\" \/>\n<meta property=\"og:image\" content=\"https:\/\/www.mediprema.com\/wp-content\/uploads\/2025\/06\/mediprema-transport-aerien-heliprema.jpg\" \/>\n\t<meta property=\"og:image:width\" content=\"922\" \/>\n\t<meta property=\"og:image:height\" content=\"922\" \/>\n\t<meta property=\"og:image:type\" content=\"image\/jpeg\" \/>\n<meta name=\"twitter:card\" content=\"summary_large_image\" \/>\n<meta name=\"twitter:label1\" content=\"Est. reading time\" \/>\n\t<meta name=\"twitter:data1\" content=\"1 minute\" \/>\n<script type=\"application\/ld+json\" class=\"yoast-schema-graph\">{\"@context\":\"https:\\\/\\\/schema.org\",\"@graph\":[{\"@type\":\"WebPage\",\"@id\":\"https:\\\/\\\/www.mediprema.com\\\/produit\\\/module-de-transport-aerien-heliprema\\\/\",\"url\":\"https:\\\/\\\/www.mediprema.com\\\/produit\\\/module-de-transport-aerien-heliprema\\\/\",\"name\":\"H\u00e9lipr\u00e9ma air transport module - Mediprema\",\"isPartOf\":{\"@id\":\"https:\\\/\\\/www.mediprema.com\\\/#website\"},\"primaryImageOfPage\":{\"@id\":\"https:\\\/\\\/www.mediprema.com\\\/produit\\\/module-de-transport-aerien-heliprema\\\/#primaryimage\"},\"image\":{\"@id\":\"https:\\\/\\\/www.mediprema.com\\\/produit\\\/module-de-transport-aerien-heliprema\\\/#primaryimage\"},\"thumbnailUrl\":\"https:\\\/\\\/www.mediprema.com\\\/wp-content\\\/uploads\\\/2025\\\/06\\\/mediprema-transport-aerien-heliprema.jpg\",\"datePublished\":\"2025-06-04T14:58:06+00:00\",\"breadcrumb\":{\"@id\":\"https:\\\/\\\/www.mediprema.com\\\/produit\\\/module-de-transport-aerien-heliprema\\\/#breadcrumb\"},\"inLanguage\":\"en-US\",\"potentialAction\":[{\"@type\":\"ReadAction\",\"target\":[\"https:\\\/\\\/www.mediprema.com\\\/produit\\\/module-de-transport-aerien-heliprema\\\/\"]}]},{\"@type\":\"ImageObject\",\"inLanguage\":\"en-US\",\"@id\":\"https:\\\/\\\/www.mediprema.com\\\/produit\\\/module-de-transport-aerien-heliprema\\\/#primaryimage\",\"url\":\"https:\\\/\\\/www.mediprema.com\\\/wp-content\\\/uploads\\\/2025\\\/06\\\/mediprema-transport-aerien-heliprema.jpg\",\"contentUrl\":\"https:\\\/\\\/www.mediprema.com\\\/wp-content\\\/uploads\\\/2025\\\/06\\\/mediprema-transport-aerien-heliprema.jpg\",\"width\":922,\"height\":922},{\"@type\":\"BreadcrumbList\",\"@id\":\"https:\\\/\\\/www.mediprema.com\\\/produit\\\/module-de-transport-aerien-heliprema\\\/#breadcrumb\",\"itemListElement\":[{\"@type\":\"ListItem\",\"position\":1,\"name\":\"Accueil\",\"item\":\"https:\\\/\\\/www.mediprema.com\\\/en\\\/\"},{\"@type\":\"ListItem\",\"position\":2,\"name\":\"Shop\",\"item\":\"https:\\\/\\\/www.mediprema.com\\\/en\\\/shop\\\/\"},{\"@type\":\"ListItem\",\"position\":3,\"name\":\"H\u00e9lipr\u00e9ma air transport module\"}]},{\"@type\":\"WebSite\",\"@id\":\"https:\\\/\\\/www.mediprema.com\\\/#website\",\"url\":\"https:\\\/\\\/www.mediprema.com\\\/\",\"name\":\"Mediprema\",\"description\":\"\",\"potentialAction\":[{\"@type\":\"SearchAction\",\"target\":{\"@type\":\"EntryPoint\",\"urlTemplate\":\"https:\\\/\\\/www.mediprema.com\\\/?s={search_term_string}\"},\"query-input\":{\"@type\":\"PropertyValueSpecification\",\"valueRequired\":true,\"valueName\":\"search_term_string\"}}],\"inLanguage\":\"en-US\"}]}<\/script>\n<!-- \/ Yoast SEO plugin. -->","yoast_head_json":{"title":"H\u00e9lipr\u00e9ma air transport module - Mediprema","robots":{"index":"index","follow":"follow","max-snippet":"max-snippet:-1","max-image-preview":"max-image-preview:large","max-video-preview":"max-video-preview:-1"},"canonical":"https:\/\/www.mediprema.com\/produit\/module-de-transport-aerien-heliprema\/","og_locale":"en_US","og_type":"article","og_title":"H\u00e9lipr\u00e9ma air transport module - Mediprema","og_description":"Flexibility  Neonatal transport solution tailor-made to meet your requirements, needs and budget Reliability and security  Each medical device is securely attached to the assembly while being easily dismantled according to the requirements of emergency transport. The structures designed by m\u00e9dipr\u00e9ma comply with European regulatory requirements related to the marketing of medical devices.  After sometimes more than 15 years of intensive use in the difficult conditions of emergency transport, the medipr\u00e9ma structures are still in use. Compact, lightweight and robust design","og_url":"https:\/\/www.mediprema.com\/produit\/module-de-transport-aerien-heliprema\/","og_site_name":"Mediprema","og_image":[{"width":922,"height":922,"url":"https:\/\/www.mediprema.com\/wp-content\/uploads\/2025\/06\/mediprema-transport-aerien-heliprema.jpg","type":"image\/jpeg"}],"twitter_card":"summary_large_image","twitter_misc":{"Est. reading time":"1 minute"},"schema":{"@context":"https:\/\/schema.org","@graph":[{"@type":"WebPage","@id":"https:\/\/www.mediprema.com\/produit\/module-de-transport-aerien-heliprema\/","url":"https:\/\/www.mediprema.com\/produit\/module-de-transport-aerien-heliprema\/","name":"H\u00e9lipr\u00e9ma air transport module - Mediprema","isPartOf":{"@id":"https:\/\/www.mediprema.com\/#website"},"primaryImageOfPage":{"@id":"https:\/\/www.mediprema.com\/produit\/module-de-transport-aerien-heliprema\/#primaryimage"},"image":{"@id":"https:\/\/www.mediprema.com\/produit\/module-de-transport-aerien-heliprema\/#primaryimage"},"thumbnailUrl":"https:\/\/www.mediprema.com\/wp-content\/uploads\/2025\/06\/mediprema-transport-aerien-heliprema.jpg","datePublished":"2025-06-04T14:58:06+00:00","breadcrumb":{"@id":"https:\/\/www.mediprema.com\/produit\/module-de-transport-aerien-heliprema\/#breadcrumb"},"inLanguage":"en-US","potentialAction":[{"@type":"ReadAction","target":["https:\/\/www.mediprema.com\/produit\/module-de-transport-aerien-heliprema\/"]}]},{"@type":"ImageObject","inLanguage":"en-US","@id":"https:\/\/www.mediprema.com\/produit\/module-de-transport-aerien-heliprema\/#primaryimage","url":"https:\/\/www.mediprema.com\/wp-content\/uploads\/2025\/06\/mediprema-transport-aerien-heliprema.jpg","contentUrl":"https:\/\/www.mediprema.com\/wp-content\/uploads\/2025\/06\/mediprema-transport-aerien-heliprema.jpg","width":922,"height":922},{"@type":"BreadcrumbList","@id":"https:\/\/www.mediprema.com\/produit\/module-de-transport-aerien-heliprema\/#breadcrumb","itemListElement":[{"@type":"ListItem","position":1,"name":"Accueil","item":"https:\/\/www.mediprema.com\/en\/"},{"@type":"ListItem","position":2,"name":"Shop","item":"https:\/\/www.mediprema.com\/en\/shop\/"},{"@type":"ListItem","position":3,"name":"H\u00e9lipr\u00e9ma air transport module"}]},{"@type":"WebSite","@id":"https:\/\/www.mediprema.com\/#website","url":"https:\/\/www.mediprema.com\/","name":"Mediprema","description":"","potentialAction":[{"@type":"SearchAction","target":{"@type":"EntryPoint","urlTemplate":"https:\/\/www.mediprema.com\/?s={search_term_string}"},"query-input":{"@type":"PropertyValueSpecification","valueRequired":true,"valueName":"search_term_string"}}],"inLanguage":"en-US"}]}},"_links":{"self":[{"href":"https:\/\/www.mediprema.com\/en\/wp-json\/wp\/v2\/product\/23417871","targetHints":{"allow":["GET"]}}],"collection":[{"href":"https:\/\/www.mediprema.com\/en\/wp-json\/wp\/v2\/product"}],"about":[{"href":"https:\/\/www.mediprema.com\/en\/wp-json\/wp\/v2\/types\/product"}],"replies":[{"embeddable":true,"href":"https:\/\/www.mediprema.com\/en\/wp-json\/wp\/v2\/comments?post=23417871"}],"wp:featuredmedia":[{"embeddable":true,"href":"https:\/\/www.mediprema.com\/en\/wp-json\/wp\/v2\/media\/1219"}],"wp:attachment":[{"href":"https:\/\/www.mediprema.com\/en\/wp-json\/wp\/v2\/media?parent=23417871"}],"wp:term":[{"taxonomy":"product_brand","embeddable":true,"href":"https:\/\/www.mediprema.com\/en\/wp-json\/wp\/v2\/product_brand?post=23417871"},{"taxonomy":"product_cat","embeddable":true,"href":"https:\/\/www.mediprema.com\/en\/wp-json\/wp\/v2\/product_cat?post=23417871"},{"taxonomy":"product_tag","embeddable":true,"href":"https:\/\/www.mediprema.com\/en\/wp-json\/wp\/v2\/product_tag?post=23417871"}],"curies":[{"name":"wp","href":"https:\/\/api.w.org\/{rel}","templated":true}]}}