{"id":23417718,"date":"2025-04-17T15:51:18","date_gmt":"2025-04-17T15:51:18","guid":{"rendered":"https:\/\/mediprema.com\/business-area\/"},"modified":"2026-03-24T15:15:03","modified_gmt":"2026-03-24T15:15:03","slug":"business-area","status":"publish","type":"page","link":"https:\/\/www.mediprema.com\/en\/business-area\/","title":{"rendered":"Business Area"},"content":{"rendered":"<p>[et_pb_section fb_built=&#8221;1&#8243; admin_label=&#8221;section&#8221; _builder_version=&#8221;4.27.0&#8243; background_color=&#8221;#e8f7fc&#8221; da_disable_devices=&#8221;off|off|off&#8221; global_colors_info=&#8221;{}&#8221; da_is_popup=&#8221;off&#8221; da_exit_intent=&#8221;off&#8221; da_has_close=&#8221;on&#8221; da_alt_close=&#8221;off&#8221; da_dark_close=&#8221;off&#8221; da_not_modal=&#8221;on&#8221; da_is_singular=&#8221;off&#8221; da_with_loader=&#8221;off&#8221; da_has_shadow=&#8221;on&#8221;][et_pb_row admin_label=&#8221;row&#8221; _builder_version=&#8221;4.16&#8243; background_size=&#8221;initial&#8221; background_position=&#8221;top_left&#8221; background_repeat=&#8221;repeat&#8221; global_colors_info=&#8221;{}&#8221;][et_pb_column type=&#8221;4_4&#8243; _builder_version=&#8221;4.16&#8243; custom_padding=&#8221;|||&#8221; global_colors_info=&#8221;{}&#8221; custom_padding__hover=&#8221;|||&#8221;][et_pb_post_title meta=&#8221;off&#8221; featured_image=&#8221;off&#8221; _builder_version=&#8221;4.27.0&#8243; _module_preset=&#8221;default&#8221; text_orientation=&#8221;center&#8221; global_colors_info=&#8221;{}&#8221;][\/et_pb_post_title][\/et_pb_column][\/et_pb_row][\/et_pb_section][et_pb_section fb_built=&#8221;1&#8243; _builder_version=&#8221;4.27.4&#8243; _module_preset=&#8221;default&#8221; da_disable_devices=&#8221;off|off|off&#8221; global_colors_info=&#8221;{}&#8221; da_is_popup=&#8221;off&#8221; da_exit_intent=&#8221;off&#8221; da_has_close=&#8221;on&#8221; da_alt_close=&#8221;off&#8221; da_dark_close=&#8221;off&#8221; da_not_modal=&#8221;on&#8221; da_is_singular=&#8221;off&#8221; da_with_loader=&#8221;off&#8221; da_has_shadow=&#8221;on&#8221;][et_pb_row column_structure=&#8221;1_2,1_2&#8243; _builder_version=&#8221;4.27.4&#8243; _module_preset=&#8221;default&#8221; global_colors_info=&#8221;{}&#8221;][et_pb_column type=&#8221;1_2&#8243; _builder_version=&#8221;4.27.4&#8243; _module_preset=&#8221;default&#8221; global_colors_info=&#8221;{}&#8221;][et_pb_text _builder_version=&#8221;4.27.4&#8243; _module_preset=&#8221;default&#8221; header_2_font_size=&#8221;23px&#8221; global_colors_info=&#8221;{}&#8221;]<\/p>\n<h2 style=\"text-align: center;\">Consultez la documentation technique<\/h2>\n<p>[\/et_pb_text][et_pb_button button_text=&#8221;Consultez notre documentation technique&#8221; button_alignment=&#8221;center&#8221; _builder_version=&#8221;4.27.4&#8243; _module_preset=&#8221;default&#8221; custom_button=&#8221;on&#8221; button_text_size=&#8221;15px&#8221; global_colors_info=&#8221;{}&#8221;][\/et_pb_button][\/et_pb_column][et_pb_column type=&#8221;1_2&#8243; _builder_version=&#8221;4.27.4&#8243; _module_preset=&#8221;default&#8221; global_colors_info=&#8221;{}&#8221;][et_pb_text _builder_version=&#8221;4.27.4&#8243; _module_preset=&#8221;default&#8221; header_2_text_align=&#8221;center&#8221; header_2_font_size=&#8221;23px&#8221; text_orientation=&#8221;center&#8221; module_alignment=&#8221;center&#8221; global_colors_info=&#8221;{}&#8221;]<\/p>\n<h2 style=\"text-align: left;\">Conditions d&#8217;utilisation de l&#8217;espace professionnel<\/h2>\n<p>[\/et_pb_text][et_pb_button button_url=&#8221;https:\/\/www.mediprema.com\/conditions-utilisation-de-lespace-professionnel\/&#8221; button_text=&#8221;D\u00e9couvrir nos conditions d&#8217;utilisation de l&#8217;espace professionnel &#8221; button_alignment=&#8221;center&#8221; _builder_version=&#8221;4.27.4&#8243; _module_preset=&#8221;default&#8221; custom_button=&#8221;on&#8221; button_text_size=&#8221;15px&#8221; global_colors_info=&#8221;{}&#8221;][\/et_pb_button][\/et_pb_column][\/et_pb_row][\/et_pb_section][et_pb_section fb_built=&#8221;1&#8243; _builder_version=&#8221;4.27.0&#8243; _module_preset=&#8221;default&#8221; custom_padding=&#8221;60px||60px||false|false&#8221; da_disable_devices=&#8221;off|off|off&#8221; global_colors_info=&#8221;{}&#8221; da_is_popup=&#8221;off&#8221; da_exit_intent=&#8221;off&#8221; da_has_close=&#8221;on&#8221; da_alt_close=&#8221;off&#8221; da_dark_close=&#8221;off&#8221; da_not_modal=&#8221;on&#8221; da_is_singular=&#8221;off&#8221; da_with_loader=&#8221;off&#8221; da_has_shadow=&#8221;on&#8221;][et_pb_row _builder_version=&#8221;4.27.0&#8243; _module_preset=&#8221;default&#8221; global_colors_info=&#8221;{}&#8221;][et_pb_column type=&#8221;4_4&#8243; _builder_version=&#8221;4.27.0&#8243; _module_preset=&#8221;default&#8221; global_colors_info=&#8221;{}&#8221;][et_pb_text _builder_version=&#8221;4.27.4&#8243; _module_preset=&#8221;default&#8221; global_colors_info=&#8221;{}&#8221;]<\/p>\n<h2 style=\"text-align: center;\">FAQ<\/h2>\n<p>[\/et_pb_text][et_pb_accordion _builder_version=&#8221;4.27.4&#8243; _module_preset=&#8221;default&#8221; toggle_font_size=&#8221;16px&#8221; global_colors_info=&#8221;{}&#8221;][et_pb_accordion_item title=&#8221;\u2753 Quels sont les d\u00e9lais de livraison des dispositifs M\u00e9dipr\u00e9ma ? &#8221; open=&#8221;on&#8221; _builder_version=&#8221;4.27.4&#8243; _module_preset=&#8221;default&#8221; global_colors_info=&#8221;{}&#8221;]<\/p>\n<p><strong>R\u00e9ponse<\/strong> : Les d\u00e9lais varient selon le type de produit et la destination. En moyenne, comptez 2 \u00e0 4 semaines pour les dispositifs standards. Pour les commandes sp\u00e9cifiques ou hors UE, un d\u00e9lai suppl\u00e9mentaire peut s\u2019appliquer. N\u2019h\u00e9sitez pas \u00e0 contacter notre service client pour une estimation personnalis\u00e9e.<\/p>\n<p>[\/et_pb_accordion_item][et_pb_accordion_item title=&#8221;\u2753 Comment acc\u00e9der \u00e0 la documentation technique d\u2019un produit ? &#8221; _builder_version=&#8221;4.27.4&#8243; _module_preset=&#8221;default&#8221; global_colors_info=&#8221;{}&#8221; open=&#8221;off&#8221;]<\/p>\n<p><strong>R\u00e9ponse<\/strong> : La documentation technique est disponible dans l\u2019espace professionnel s\u00e9curis\u00e9 du site. Une fois connect\u00e9, vous pouvez rechercher le produit concern\u00e9 et t\u00e9l\u00e9charger les fiches techniques, manuels d\u2019utilisation et certificats. Si vous n\u2019avez pas encore d\u2019acc\u00e8s, vous pouvez en faire la demande via le formulaire d\u00e9di\u00e9.<\/p>\n<p>[\/et_pb_accordion_item][et_pb_accordion_item title=&#8221;\u2753 Comment organiser une d\u00e9monstration ou une formation sur nos dispositifs ? &#8221; _builder_version=&#8221;4.27.4&#8243; _module_preset=&#8221;default&#8221; global_colors_info=&#8221;{}&#8221; open=&#8221;off&#8221;]<\/p>\n<p><strong>R\u00e9ponse<\/strong> : M\u00e9dipr\u00e9ma propose des d\u00e9monstrations sur site ou \u00e0 distance, ainsi que des formations pour les \u00e9quipes biom\u00e9dicales et soignantes. Vous pouvez en faire la demande via le formulaire de contact ou directement depuis la page \u201cFormations\u201d du site. Un charg\u00e9 de client\u00e8le vous recontactera pour d\u00e9finir vos besoins et planifier l\u2019intervention.<\/p>\n<p>[\/et_pb_accordion_item][\/et_pb_accordion][\/et_pb_column][\/et_pb_row][\/et_pb_section]<\/p>\n","protected":false},"excerpt":{"rendered":"<p>Consultez la documentation techniqueConditions d&#8217;utilisation de l&#8217;espace professionnelFAQR\u00e9ponse : Les d\u00e9lais varient selon le type de produit et la destination. En moyenne, comptez 2 \u00e0 4 semaines pour les dispositifs standards. Pour les commandes sp\u00e9cifiques ou hors UE, un d\u00e9lai suppl\u00e9mentaire peut s\u2019appliquer. N\u2019h\u00e9sitez pas \u00e0 contacter notre service client pour une estimation personnalis\u00e9e.R\u00e9ponse : [&hellip;]<\/p>\n","protected":false},"author":1,"featured_media":0,"parent":0,"menu_order":0,"comment_status":"closed","ping_status":"closed","template":"","meta":{"_acf_changed":false,"_et_pb_use_builder":"on","_et_pb_old_content":"","_et_gb_content_width":"","inline_featured_image":false,"footnotes":""},"class_list":["post-23417718","page","type-page","status-publish","hentry"],"acf":[],"yoast_head":"<!-- This site is optimized with the Yoast SEO plugin v27.5 - https:\/\/yoast.com\/product\/yoast-seo-wordpress\/ -->\n<title>Business Area - Mediprema<\/title>\n<meta name=\"robots\" content=\"noindex, nofollow\" \/>\n<meta property=\"og:locale\" content=\"en_US\" \/>\n<meta property=\"og:type\" content=\"article\" \/>\n<meta property=\"og:title\" content=\"Business Area - Mediprema\" \/>\n<meta property=\"og:description\" content=\"Consultez la documentation techniqueConditions d&#039;utilisation de l&#039;espace professionnelFAQR\u00e9ponse : Les d\u00e9lais varient selon le type de produit et la destination. En moyenne, comptez 2 \u00e0 4 semaines pour les dispositifs standards. Pour les commandes sp\u00e9cifiques ou hors UE, un d\u00e9lai suppl\u00e9mentaire peut s\u2019appliquer. N\u2019h\u00e9sitez pas \u00e0 contacter notre service client pour une estimation personnalis\u00e9e.R\u00e9ponse : [&hellip;]\" \/>\n<meta property=\"og:url\" content=\"https:\/\/www.mediprema.com\/en\/business-area\/\" \/>\n<meta property=\"og:site_name\" content=\"Mediprema\" \/>\n<meta property=\"article:modified_time\" content=\"2026-03-24T15:15:03+00:00\" \/>\n<meta name=\"twitter:card\" content=\"summary_large_image\" \/>\n<meta name=\"twitter:label1\" content=\"Est. reading time\" \/>\n\t<meta name=\"twitter:data1\" content=\"1 minute\" \/>\n<script type=\"application\/ld+json\" class=\"yoast-schema-graph\">{\"@context\":\"https:\\\/\\\/schema.org\",\"@graph\":[{\"@type\":\"WebPage\",\"@id\":\"https:\\\/\\\/www.mediprema.com\\\/en\\\/business-area\\\/\",\"url\":\"https:\\\/\\\/www.mediprema.com\\\/en\\\/business-area\\\/\",\"name\":\"Business Area - Mediprema\",\"isPartOf\":{\"@id\":\"https:\\\/\\\/www.mediprema.com\\\/#website\"},\"datePublished\":\"2025-04-17T15:51:18+00:00\",\"dateModified\":\"2026-03-24T15:15:03+00:00\",\"breadcrumb\":{\"@id\":\"https:\\\/\\\/www.mediprema.com\\\/en\\\/business-area\\\/#breadcrumb\"},\"inLanguage\":\"en-US\",\"potentialAction\":[{\"@type\":\"ReadAction\",\"target\":[\"https:\\\/\\\/www.mediprema.com\\\/en\\\/business-area\\\/\"]}]},{\"@type\":\"BreadcrumbList\",\"@id\":\"https:\\\/\\\/www.mediprema.com\\\/en\\\/business-area\\\/#breadcrumb\",\"itemListElement\":[{\"@type\":\"ListItem\",\"position\":1,\"name\":\"Accueil\",\"item\":\"https:\\\/\\\/www.mediprema.com\\\/en\\\/\"},{\"@type\":\"ListItem\",\"position\":2,\"name\":\"Business Area\"}]},{\"@type\":\"WebSite\",\"@id\":\"https:\\\/\\\/www.mediprema.com\\\/#website\",\"url\":\"https:\\\/\\\/www.mediprema.com\\\/\",\"name\":\"Mediprema\",\"description\":\"\",\"potentialAction\":[{\"@type\":\"SearchAction\",\"target\":{\"@type\":\"EntryPoint\",\"urlTemplate\":\"https:\\\/\\\/www.mediprema.com\\\/?s={search_term_string}\"},\"query-input\":{\"@type\":\"PropertyValueSpecification\",\"valueRequired\":true,\"valueName\":\"search_term_string\"}}],\"inLanguage\":\"en-US\"}]}<\/script>\n<!-- \/ Yoast SEO plugin. -->","yoast_head_json":{"title":"Business Area - Mediprema","robots":{"index":"noindex","follow":"nofollow"},"og_locale":"en_US","og_type":"article","og_title":"Business Area - Mediprema","og_description":"Consultez la documentation techniqueConditions d'utilisation de l'espace professionnelFAQR\u00e9ponse : Les d\u00e9lais varient selon le type de produit et la destination. En moyenne, comptez 2 \u00e0 4 semaines pour les dispositifs standards. Pour les commandes sp\u00e9cifiques ou hors UE, un d\u00e9lai suppl\u00e9mentaire peut s\u2019appliquer. N\u2019h\u00e9sitez pas \u00e0 contacter notre service client pour une estimation personnalis\u00e9e.R\u00e9ponse : [&hellip;]","og_url":"https:\/\/www.mediprema.com\/en\/business-area\/","og_site_name":"Mediprema","article_modified_time":"2026-03-24T15:15:03+00:00","twitter_card":"summary_large_image","twitter_misc":{"Est. reading time":"1 minute"},"schema":{"@context":"https:\/\/schema.org","@graph":[{"@type":"WebPage","@id":"https:\/\/www.mediprema.com\/en\/business-area\/","url":"https:\/\/www.mediprema.com\/en\/business-area\/","name":"Business Area - Mediprema","isPartOf":{"@id":"https:\/\/www.mediprema.com\/#website"},"datePublished":"2025-04-17T15:51:18+00:00","dateModified":"2026-03-24T15:15:03+00:00","breadcrumb":{"@id":"https:\/\/www.mediprema.com\/en\/business-area\/#breadcrumb"},"inLanguage":"en-US","potentialAction":[{"@type":"ReadAction","target":["https:\/\/www.mediprema.com\/en\/business-area\/"]}]},{"@type":"BreadcrumbList","@id":"https:\/\/www.mediprema.com\/en\/business-area\/#breadcrumb","itemListElement":[{"@type":"ListItem","position":1,"name":"Accueil","item":"https:\/\/www.mediprema.com\/en\/"},{"@type":"ListItem","position":2,"name":"Business Area"}]},{"@type":"WebSite","@id":"https:\/\/www.mediprema.com\/#website","url":"https:\/\/www.mediprema.com\/","name":"Mediprema","description":"","potentialAction":[{"@type":"SearchAction","target":{"@type":"EntryPoint","urlTemplate":"https:\/\/www.mediprema.com\/?s={search_term_string}"},"query-input":{"@type":"PropertyValueSpecification","valueRequired":true,"valueName":"search_term_string"}}],"inLanguage":"en-US"}]}},"_links":{"self":[{"href":"https:\/\/www.mediprema.com\/en\/wp-json\/wp\/v2\/pages\/23417718","targetHints":{"allow":["GET"]}}],"collection":[{"href":"https:\/\/www.mediprema.com\/en\/wp-json\/wp\/v2\/pages"}],"about":[{"href":"https:\/\/www.mediprema.com\/en\/wp-json\/wp\/v2\/types\/page"}],"author":[{"embeddable":true,"href":"https:\/\/www.mediprema.com\/en\/wp-json\/wp\/v2\/users\/1"}],"replies":[{"embeddable":true,"href":"https:\/\/www.mediprema.com\/en\/wp-json\/wp\/v2\/comments?post=23417718"}],"version-history":[{"count":2,"href":"https:\/\/www.mediprema.com\/en\/wp-json\/wp\/v2\/pages\/23417718\/revisions"}],"predecessor-version":[{"id":23417958,"href":"https:\/\/www.mediprema.com\/en\/wp-json\/wp\/v2\/pages\/23417718\/revisions\/23417958"}],"wp:attachment":[{"href":"https:\/\/www.mediprema.com\/en\/wp-json\/wp\/v2\/media?parent=23417718"}],"curies":[{"name":"wp","href":"https:\/\/api.w.org\/{rel}","templated":true}]}}