{"id":23417611,"date":"2026-03-02T14:20:22","date_gmt":"2026-03-02T14:20:22","guid":{"rendered":"https:\/\/mediprema.com\/legal-notice\/"},"modified":"2026-03-19T11:55:25","modified_gmt":"2026-03-19T11:55:25","slug":"legal-notice","status":"publish","type":"page","link":"https:\/\/www.mediprema.com\/en\/legal-notice\/","title":{"rendered":"Legal Notice"},"content":{"rendered":"<p>[et_pb_section fb_built=&#8221;1&#8243; admin_label=&#8221;section&#8221; _builder_version=&#8221;4.27.0&#8243; background_color=&#8221;#e8f7fc&#8221; da_disable_devices=&#8221;off|off|off&#8221; global_colors_info=&#8221;{}&#8221; da_is_popup=&#8221;off&#8221; da_exit_intent=&#8221;off&#8221; da_has_close=&#8221;on&#8221; da_alt_close=&#8221;off&#8221; da_dark_close=&#8221;off&#8221; da_not_modal=&#8221;on&#8221; da_is_singular=&#8221;off&#8221; da_with_loader=&#8221;off&#8221; da_has_shadow=&#8221;on&#8221;][et_pb_row admin_label=&#8221;row&#8221; _builder_version=&#8221;4.16&#8243; background_size=&#8221;initial&#8221; background_position=&#8221;top_left&#8221; background_repeat=&#8221;repeat&#8221; global_colors_info=&#8221;{}&#8221;][et_pb_column type=&#8221;4_4&#8243; _builder_version=&#8221;4.16&#8243; custom_padding=&#8221;|||&#8221; global_colors_info=&#8221;{}&#8221; custom_padding__hover=&#8221;|||&#8221;][et_pb_text _builder_version=&#8221;4.27.4&#8243; _module_preset=&#8221;default&#8221; text_orientation=&#8221;center&#8221; global_colors_info=&#8221;{}&#8221;]<\/p>\n<h1 style=\"text-align: center;\">Legal Notice<br \/>\n<\/h1>\n<p>[\/et_pb_text][\/et_pb_column][\/et_pb_row][\/et_pb_section][et_pb_section fb_built=&#8221;1&#8243; _builder_version=&#8221;4.27.4&#8243; _module_preset=&#8221;default&#8221; da_disable_devices=&#8221;off|off|off&#8221; global_colors_info=&#8221;{}&#8221; da_is_popup=&#8221;off&#8221; da_exit_intent=&#8221;off&#8221; da_has_close=&#8221;on&#8221; da_alt_close=&#8221;off&#8221; da_dark_close=&#8221;off&#8221; da_not_modal=&#8221;on&#8221; da_is_singular=&#8221;off&#8221; da_with_loader=&#8221;off&#8221; da_has_shadow=&#8221;on&#8221;][et_pb_row make_equal=&#8221;on&#8221; module_class=&#8221;middle&#8221; _builder_version=&#8221;4.27.4&#8243; _module_preset=&#8221;default&#8221; global_colors_info=&#8221;{}&#8221;][et_pb_column type=&#8221;4_4&#8243; _builder_version=&#8221;4.27.4&#8243; _module_preset=&#8221;default&#8221; global_colors_info=&#8221;{}&#8221;][et_pb_text admin_label=&#8221;Texte&#8221; _builder_version=&#8221;4.27.4&#8243; _module_preset=&#8221;default&#8221; header_2_font_size=&#8221;23px&#8221; global_colors_info=&#8221;{}&#8221;]<\/p>\n<h2>Conditions d\u2019utilisation :<\/h2>\n<p>Le site www.mediprema.com est propos\u00e9 en diff\u00e9rents langages web (HTML, HTML5, Javascript, CSS, etc\u2026). Pour un meilleur confort d\u2019utilisation et un graphisme plus agr\u00e9able, nous vous recommandons de recourir \u00e0 des navigateurs modernes comme Microsoft Edge, Safari, Firefox, Google Chrome, etc\u2026<\/p>\n<p>Le groupe m\u00e9dipr\u00e9ma met en \u0153uvre tous les moyens dont il dispose, pour assurer une information fiable et une mise \u00e0 jour fiable de ses sites internet. Toutefois, des erreurs ou omissions peuvent survenir. L\u2019internaute devra donc s\u2019assurer de l\u2019exactitude des informations aupr\u00e8s de son contact au sein du groupe, et signaler toutes modifications du site qu\u2019il jugerait utile. M\u00e9dipr\u00e9ma n\u2019est en aucun cas responsable de l\u2019utilisation faite de ces informations, et de tout pr\u00e9judice direct ou indirect pouvant en d\u00e9couler.<\/p>\n<p><strong>Services fournis :\u00a0<\/strong><\/p>\n<p>L\u2019ensemble des activit\u00e9s du groupe ainsi que ses informations sont pr\u00e9sent\u00e9s sur notre site www.mediprema.com.<\/p>\n<p>M\u00e9dipr\u00e9ma group s\u2019efforce de fournir sur le site www.mediprema.com des informations aussi pr\u00e9cises que possible. Les renseignements figurant sur le site www.mediprema.com ne sont pas exhaustifs et les photos non contractuelles. Ils sont donn\u00e9s sous r\u00e9serve de modifications ayant \u00e9t\u00e9 apport\u00e9es depuis leur mise en ligne. Les caract\u00e9ristiques r\u00e9glementaires des dispositifs m\u00e9dicaux (marquage CE, indications, performances, s\u00e9curit\u00e9, documents obligatoires) restent conformes aux exigences applicables et sont mises \u00e0 disposition de mani\u00e8re exacte et v\u00e9rifiable. Par ailleurs, tous les informations indiqu\u00e9es sur le site www.mediprema.com sont donn\u00e9es \u00e0 titre indicatif, et sont susceptibles de changer ou d\u2019\u00e9voluer sans pr\u00e9avis.<\/p>\n<p><strong>Hyperliens<\/strong><\/p>\n<p>Les utilisateurs et les visiteurs du site internet www.mediprema.com ne peuvent pas mettre en place un hyperlien en direction de ce site sans l\u2019autorisation expresse et pr\u00e9alable de m\u00e9dipr\u00e9ma group.<\/p>\n<p>Dans l\u2019hypoth\u00e8se o\u00f9 un utilisateur ou visiteur souhaiterait mettre en place un hyperlien en direction d\u2019un des sites internet de m\u00e9dipr\u00e9ma group, il lui appartiendra d\u2019adresser un email \u00e0 info@medipremagroup.com afin de formuler sa demande de mise en place d\u2019un hyperlien. M\u00e9dipr\u00e9ma group se r\u00e9serve le droit d\u2019accepter ou de refuser un hyperlien sans avoir \u00e0 en justifier sa d\u00e9cision.<\/p>\n<p><strong> Liens sortants :\u2028<\/strong><br \/>\nLe site M\u00e9dipr\u00e9ma peut contenir des liens hypertextes renvoyant vers des sites tiers. Ces liens sont fournis \u00e0 titre informatif uniquement. M\u00e9dipr\u00e9ma n&#8217;exerce aucun contr\u00f4le sur le contenu de ces sites et d\u00e9cline toute responsabilit\u00e9 quant aux informations, contenus ou services propos\u00e9s par ces tiers. La pr\u00e9sence d&#8217;un lien vers un site externe ne constitue pas une approbation ou une validation de ce site ou de son contenu.<\/p>\n<p><strong>Propri\u00e9t\u00e9 intellectuelle :\u00a0<\/strong><\/p>\n<p>Tout le contenu du pr\u00e9sent site www.mediprema.com, incluant, de fa\u00e7on non limitative, les graphismes, images, textes, vid\u00e9os, animations, sons, logos, gifs et ic\u00f4nes ainsi que leur mise en forme sont la propri\u00e9t\u00e9 exclusive de la soci\u00e9t\u00e9 \u00e0 l\u2019exception des marques, logos ou contenus appartenant \u00e0 d\u2019autres soci\u00e9t\u00e9s partenaires ou auteurs.<\/p>\n<p>Toute reproduction, distribution, modification, adaptation, retransmission ou publication, m\u00eame partielle, de ces diff\u00e9rents \u00e9l\u00e9ments est strictement interdite sans l\u2019accord expr\u00e8s par \u00e9crit de m\u00e9dipr\u00e9ma group. Cette repr\u00e9sentation ou reproduction, par quelque proc\u00e9d\u00e9 que ce soit, constitue une contrefa\u00e7on sanctionn\u00e9e par les articles L.335-2 et suivants du Code de la propri\u00e9t\u00e9 intellectuelle. Le non-respect de cette interdiction constitue une contrefa\u00e7on pouvant engager la responsabilit\u00e9 civile et p\u00e9nale du contrefacteur. En outre, les propri\u00e9taires des contenus copi\u00e9s pourraient intenter une action en justice \u00e0 votre encontre.<\/p>\n<p><strong>Litiges :\u00a0<\/strong><\/p>\n<p>Les pr\u00e9sentes conditions du site www.mediprema.com sont r\u00e9gies par les lois fran\u00e7aises et toute contestation ou litiges qui pourraient na\u00eetre de l\u2019interpr\u00e9tation ou de l\u2019ex\u00e9cution de celles-ci seront de la comp\u00e9tence exclusive des tribunaux dont d\u00e9pend le si\u00e8ge social de la soci\u00e9t\u00e9. La langue de r\u00e9f\u00e9rence, pour le r\u00e8glement de contentieux \u00e9ventuels, est le fran\u00e7ais.<\/p>\n<p><strong>Cookies :<\/strong><\/p>\n<p>Les cookies utilis\u00e9s sur ce site web stockent le pays de r\u00e9sidence permettant de g\u00e9rer votre navigation sur notre site en vous proposant la langue anglaise ou fran\u00e7aise. Les cookies de langue sont conserv\u00e9s pendant 12 mois.<\/p>\n<p>Nous utilisons \u00e9galement un cookie tiers destin\u00e9 \u00e0 suivre votre navigation au cours de la session afin d\u2019assurer la qualit\u00e9 et la s\u00e9curit\u00e9 de la navigation sur notre site Internet, obtenir des donn\u00e9es statistiques anonymes de fr\u00e9quentation concernant l&#8217;utilisation de notre site Internet. Les cookies de session (navigation) sont supprim\u00e9s \u00e0 la fermeture du navigateur. Les cookies analytiques (Google analytics 4) sont conserv\u00e9s pendant 13 mois maximum et les cookies de s\u00e9curit\u00e9s (tiers) peuvent \u00eatre conserv\u00e9s pendant 3 mois.<\/p>\n<p>Vous pouvez autoriser, param\u00e9trer ou bloquer ces cookies install\u00e9s sur votre poste via le bandeau de gestion du consentement qui s&#8217;affiche \u00e0 l&#8217;ouverture du site.<\/p>\n<p>Pour en savoir plus, consultez notre<span>\u00a0<\/span><a href=\"https:\/\/www.mediprema.com\/politique-de-protection-des-donnees\/\">politique de gestion des donn\u00e9es personnelles<\/a>.<\/p>\n<p><strong>Lutte contre le gaspillage et \u00e9conomie circulaire<\/strong><\/p>\n<p>L&#8217;identifiant unique FR007810_05INY3 attestant de l&#8217;enregistrement au registre des producteurs de la fili\u00e8re EEE, en application de l&#8217;article L.541-10-13 du Code de l&#8217;Environnement a \u00e9t\u00e9 attribu\u00e9 par l&#8217;ADEME \u00e0 la soci\u00e9t\u00e9 MEDIPREMA (N\u00b0 SIRET 43277261400033). Cet identifiant atteste de sa conformit\u00e9 au regard de son obligation d&#8217;enregistrement au registre des producteurs d&#8217;Equipements Electriques et Electroniques et de la r\u00e9alisation de ses d\u00e9clarations de mises sur le march\u00e9 aupr\u00e8s d&#8217;ecosystem.<\/p>\n<h2>Editeur :<\/h2>\n<p>M\u00e9dipr\u00e9ma group dont le si\u00e8ge social est domicili\u00e9 :<br \/>\nZA Node Park Touraine<br \/>\n470 rue Gilles de Gennes &#8211; BP8<br \/>\n37310 TAUXIGNY &#8211; FRANCE<br \/>\nTel : +33 (0)2 47 28 47 87 &#8211; Fax : +33(0)2 47 27 35 85<br \/>\nRCS Tours B 339 183 519<br \/>\nN\u00b0 TVA intracommunautaire FR 14 432 772 614<br \/>\nCapital de 4 263 015 euros<\/p>\n<p>Directeur de publication : Didier DELAVAULT<\/p>\n<h2>H\u00e9bergement du site :<\/h2>\n<p class=\"p1\">Ex2 Inc.<br \/>\n797, boulevard Lebourgneuf, suite 300,<br \/>\nQu\u00e9bec, G2J 0B5,<br \/>\nCanada<\/p>\n<h2>Cr\u00e9ation graphique et d\u00e9veloppements :<\/h2>\n<p><a href=\"https:\/\/winleads.fr\/\">Winleads Digital<\/a><br \/>\n<a href=\"https:\/\/www.digibase-web.fr\/agence-creation-de-site-internet\/\">Digibase Web<\/a><br \/>\nPhotos : M\u00e9dipr\u00e9ma Group, Alexandre Yagoubi Idrissi, Atelier Denis Bomer, Grenouilles Production[\/et_pb_text][\/et_pb_column][\/et_pb_row][\/et_pb_section]<\/p>\n","protected":false},"excerpt":{"rendered":"<p>Legal Notice Conditions d\u2019utilisation : Le site www.mediprema.com est propos\u00e9 en diff\u00e9rents langages web (HTML, HTML5, Javascript, CSS, etc\u2026). Pour un meilleur confort d\u2019utilisation et un graphisme plus agr\u00e9able, nous vous recommandons de recourir \u00e0 des navigateurs modernes comme Microsoft Edge, Safari, Firefox, Google Chrome, etc\u2026 Le groupe m\u00e9dipr\u00e9ma met en \u0153uvre tous les moyens [&hellip;]<\/p>\n","protected":false},"author":2,"featured_media":0,"parent":0,"menu_order":0,"comment_status":"closed","ping_status":"closed","template":"","meta":{"_acf_changed":false,"_et_pb_use_builder":"on","_et_pb_old_content":"","_et_gb_content_width":"","inline_featured_image":false,"footnotes":""},"class_list":["post-23417611","page","type-page","status-publish","hentry"],"acf":[],"yoast_head":"<!-- This site is optimized with the Yoast SEO plugin v27.5 - https:\/\/yoast.com\/product\/yoast-seo-wordpress\/ -->\n<title>Legal Notice - Mediprema<\/title>\n<meta name=\"robots\" content=\"index, follow, max-snippet:-1, max-image-preview:large, max-video-preview:-1\" \/>\n<link rel=\"canonical\" href=\"https:\/\/www.mediprema.com\/mentions-legales\/\" \/>\n<meta property=\"og:locale\" content=\"en_US\" \/>\n<meta property=\"og:type\" content=\"article\" \/>\n<meta property=\"og:title\" content=\"Legal Notice - Mediprema\" \/>\n<meta property=\"og:description\" content=\"Legal Notice Conditions d\u2019utilisation : Le site www.mediprema.com est propos\u00e9 en diff\u00e9rents langages web (HTML, HTML5, Javascript, CSS, etc\u2026). Pour un meilleur confort d\u2019utilisation et un graphisme plus agr\u00e9able, nous vous recommandons de recourir \u00e0 des navigateurs modernes comme Microsoft Edge, Safari, Firefox, Google Chrome, etc\u2026 Le groupe m\u00e9dipr\u00e9ma met en \u0153uvre tous les moyens [&hellip;]\" \/>\n<meta property=\"og:url\" content=\"https:\/\/www.mediprema.com\/mentions-legales\/\" \/>\n<meta property=\"og:site_name\" content=\"Mediprema\" \/>\n<meta property=\"article:modified_time\" content=\"2026-03-19T11:55:25+00:00\" \/>\n<meta name=\"twitter:card\" content=\"summary_large_image\" \/>\n<meta name=\"twitter:label1\" content=\"Est. reading time\" \/>\n\t<meta name=\"twitter:data1\" content=\"6 minutes\" \/>\n<script type=\"application\/ld+json\" class=\"yoast-schema-graph\">{\"@context\":\"https:\\\/\\\/schema.org\",\"@graph\":[{\"@type\":\"WebPage\",\"@id\":\"https:\\\/\\\/www.mediprema.com\\\/mentions-legales\\\/\",\"url\":\"https:\\\/\\\/www.mediprema.com\\\/mentions-legales\\\/\",\"name\":\"Legal Notice - Mediprema\",\"isPartOf\":{\"@id\":\"https:\\\/\\\/www.mediprema.com\\\/#website\"},\"datePublished\":\"2026-03-02T14:20:22+00:00\",\"dateModified\":\"2026-03-19T11:55:25+00:00\",\"breadcrumb\":{\"@id\":\"https:\\\/\\\/www.mediprema.com\\\/mentions-legales\\\/#breadcrumb\"},\"inLanguage\":\"en-US\",\"potentialAction\":[{\"@type\":\"ReadAction\",\"target\":[\"https:\\\/\\\/www.mediprema.com\\\/mentions-legales\\\/\"]}]},{\"@type\":\"BreadcrumbList\",\"@id\":\"https:\\\/\\\/www.mediprema.com\\\/mentions-legales\\\/#breadcrumb\",\"itemListElement\":[{\"@type\":\"ListItem\",\"position\":1,\"name\":\"Accueil\",\"item\":\"https:\\\/\\\/www.mediprema.com\\\/en\\\/\"},{\"@type\":\"ListItem\",\"position\":2,\"name\":\"Legal Notice\"}]},{\"@type\":\"WebSite\",\"@id\":\"https:\\\/\\\/www.mediprema.com\\\/#website\",\"url\":\"https:\\\/\\\/www.mediprema.com\\\/\",\"name\":\"Mediprema\",\"description\":\"\",\"potentialAction\":[{\"@type\":\"SearchAction\",\"target\":{\"@type\":\"EntryPoint\",\"urlTemplate\":\"https:\\\/\\\/www.mediprema.com\\\/?s={search_term_string}\"},\"query-input\":{\"@type\":\"PropertyValueSpecification\",\"valueRequired\":true,\"valueName\":\"search_term_string\"}}],\"inLanguage\":\"en-US\"}]}<\/script>\n<!-- \/ Yoast SEO plugin. -->","yoast_head_json":{"title":"Legal Notice - Mediprema","robots":{"index":"index","follow":"follow","max-snippet":"max-snippet:-1","max-image-preview":"max-image-preview:large","max-video-preview":"max-video-preview:-1"},"canonical":"https:\/\/www.mediprema.com\/mentions-legales\/","og_locale":"en_US","og_type":"article","og_title":"Legal Notice - Mediprema","og_description":"Legal Notice Conditions d\u2019utilisation : Le site www.mediprema.com est propos\u00e9 en diff\u00e9rents langages web (HTML, HTML5, Javascript, CSS, etc\u2026). Pour un meilleur confort d\u2019utilisation et un graphisme plus agr\u00e9able, nous vous recommandons de recourir \u00e0 des navigateurs modernes comme Microsoft Edge, Safari, Firefox, Google Chrome, etc\u2026 Le groupe m\u00e9dipr\u00e9ma met en \u0153uvre tous les moyens [&hellip;]","og_url":"https:\/\/www.mediprema.com\/mentions-legales\/","og_site_name":"Mediprema","article_modified_time":"2026-03-19T11:55:25+00:00","twitter_card":"summary_large_image","twitter_misc":{"Est. reading time":"6 minutes"},"schema":{"@context":"https:\/\/schema.org","@graph":[{"@type":"WebPage","@id":"https:\/\/www.mediprema.com\/mentions-legales\/","url":"https:\/\/www.mediprema.com\/mentions-legales\/","name":"Legal Notice - Mediprema","isPartOf":{"@id":"https:\/\/www.mediprema.com\/#website"},"datePublished":"2026-03-02T14:20:22+00:00","dateModified":"2026-03-19T11:55:25+00:00","breadcrumb":{"@id":"https:\/\/www.mediprema.com\/mentions-legales\/#breadcrumb"},"inLanguage":"en-US","potentialAction":[{"@type":"ReadAction","target":["https:\/\/www.mediprema.com\/mentions-legales\/"]}]},{"@type":"BreadcrumbList","@id":"https:\/\/www.mediprema.com\/mentions-legales\/#breadcrumb","itemListElement":[{"@type":"ListItem","position":1,"name":"Accueil","item":"https:\/\/www.mediprema.com\/en\/"},{"@type":"ListItem","position":2,"name":"Legal Notice"}]},{"@type":"WebSite","@id":"https:\/\/www.mediprema.com\/#website","url":"https:\/\/www.mediprema.com\/","name":"Mediprema","description":"","potentialAction":[{"@type":"SearchAction","target":{"@type":"EntryPoint","urlTemplate":"https:\/\/www.mediprema.com\/?s={search_term_string}"},"query-input":{"@type":"PropertyValueSpecification","valueRequired":true,"valueName":"search_term_string"}}],"inLanguage":"en-US"}]}},"_links":{"self":[{"href":"https:\/\/www.mediprema.com\/en\/wp-json\/wp\/v2\/pages\/23417611","targetHints":{"allow":["GET"]}}],"collection":[{"href":"https:\/\/www.mediprema.com\/en\/wp-json\/wp\/v2\/pages"}],"about":[{"href":"https:\/\/www.mediprema.com\/en\/wp-json\/wp\/v2\/types\/page"}],"author":[{"embeddable":true,"href":"https:\/\/www.mediprema.com\/en\/wp-json\/wp\/v2\/users\/2"}],"replies":[{"embeddable":true,"href":"https:\/\/www.mediprema.com\/en\/wp-json\/wp\/v2\/comments?post=23417611"}],"version-history":[{"count":1,"href":"https:\/\/www.mediprema.com\/en\/wp-json\/wp\/v2\/pages\/23417611\/revisions"}],"predecessor-version":[{"id":23417614,"href":"https:\/\/www.mediprema.com\/en\/wp-json\/wp\/v2\/pages\/23417611\/revisions\/23417614"}],"wp:attachment":[{"href":"https:\/\/www.mediprema.com\/en\/wp-json\/wp\/v2\/media?parent=23417611"}],"curies":[{"name":"wp","href":"https:\/\/api.w.org\/{rel}","templated":true}]}}